{"id":607,"date":"2016-10-14T04:40:03","date_gmt":"2016-10-14T04:40:03","guid":{"rendered":"http:\/\/localhost\/dotted\/?page_id=607"},"modified":"2022-06-15T14:32:43","modified_gmt":"2022-06-15T11:32:43","slug":"home-page-3","status":"publish","type":"page","link":"https:\/\/oriontr.com\/v2\/","title":{"rendered":"Home Page TR"},"content":{"rendered":"<p>[vc_row fullwidth=&#8221;yes&#8221; css=&#8221;.vc_custom_1477472402630{padding-top: 0px !important;padding-bottom: 0px !important;}&#8221;][vc_column][\/vc_column][\/vc_row][vc_row full_width=&#8221;&#8221; css=&#8221;.vc_custom_1559126646115{margin-top: -20px !important;margin-bottom: -25px !important;padding-top: 0px !important;padding-bottom: 0px !important;background-color: #444444 !important;}&#8221;][vc_column]\n\t      \t<div class=\"call2 call-action\">\n\t\t\t<h3>Hangi \u00e7\u00f6z\u00fcm\u00fcn i\u015f gereksinimlerinize uygun oldu\u011fundan emin de\u011fil misiniz?<\/h3>\n\t\t\t\t\t\t<a class=\"ot-btn btn-main-color btn-rounded text-up white-text\" href=\"http:\/\/oriontr.com\/v2\/teklif-formu\/\" target=\"_self\">TEKL\u0130F AL <i class=\"fa fa-arrow-circle-right\"><\/i><\/a>\t\t<\/div>\n\t\n[\/vc_column][\/vc_row][vc_row css=&#8221;.vc_custom_1476690252859{background-color: #f2f2f2 !important;}&#8221;][vc_column][vc_custom_heading text=&#8221;Hizmetlerimiz&#8221; font_container=&#8221;tag:h3|text_align:center&#8221; use_theme_fonts=&#8221;yes&#8221; css=&#8221;.vc_custom_1549709592861{margin-bottom: 30px !important;}&#8221;]\n\t\t<div id=\"owl-project\" class=\"owl-carousel owl-theme owl-project row  \">\n\t\t\t \t<div class=\"item\">\n            <div class=\"project-item\">\n            \t<div class=\"project-item-img-container\">\n            \t\t\n            \t\t<img src=\"https:\/\/oriontr.com\/v2\/wp-content\/uploads\/2022\/06\/denizyolu-tasimaciligi-2.jpg\" class=\"img-responsive\" alt=\"Image\">\n            \t\t<!-- Overlay -->\n            \t\t<div class=\"overlay-1 \">\n            \t\t\t<a href=\"https:\/\/oriontr.com\/v2\/de\/portfolio\/seeverkehr\/\">\n            \t\t\t\t<i class=\"fa fa-link hover-border-theme \"><\/i>\n            \t\t\t<\/a>\n            \t\t\t            \t\t\t\t<a class=\"single-img-popup\" href=\"https:\/\/oriontr.com\/v2\/wp-content\/uploads\/2022\/06\/denizyolu-tasimaciligi-2.jpg\"><i class=\"fa fa-expand hover-border-theme \"><\/i><\/a>\n            \t\t\t       \t\t \t\t<\/div>\n       \t\t \t\t<!-- \/overlay -->\n            \t<\/div>\n            \t<h4 class=\"hover-text-theme\"><a href=\"https:\/\/oriontr.com\/v2\/de\/portfolio\/seeverkehr\/\" >Seeverkehr<\/a><\/h4>\n            \t            <\/div>\n        <\/div>\n    \t\t \t<div class=\"item\">\n            <div class=\"project-item\">\n            \t<div class=\"project-item-img-container\">\n            \t\t\n            \t\t<img src=\"https:\/\/oriontr.com\/v2\/wp-content\/uploads\/2022\/06\/denizyolu-tasimaciligi-1.jpg\" class=\"img-responsive\" alt=\"Image\">\n            \t\t<!-- Overlay -->\n            \t\t<div class=\"overlay-1 \">\n            \t\t\t<a href=\"https:\/\/oriontr.com\/v2\/en\/portfolio\/maritime-transport\/\">\n            \t\t\t\t<i class=\"fa fa-link hover-border-theme \"><\/i>\n            \t\t\t<\/a>\n            \t\t\t            \t\t\t\t<a class=\"single-img-popup\" href=\"https:\/\/oriontr.com\/v2\/wp-content\/uploads\/2022\/06\/denizyolu-tasimaciligi-1.jpg\"><i class=\"fa fa-expand hover-border-theme \"><\/i><\/a>\n            \t\t\t       \t\t \t\t<\/div>\n       \t\t \t\t<!-- \/overlay -->\n            \t<\/div>\n            \t<h4 class=\"hover-text-theme\"><a href=\"https:\/\/oriontr.com\/v2\/en\/portfolio\/maritime-transport\/\" >Maritime Transport<\/a><\/h4>\n            \t            <\/div>\n        <\/div>\n    \t\t \t<div class=\"item\">\n            <div class=\"project-item\">\n            \t<div class=\"project-item-img-container\">\n            \t\t\n            \t\t<img src=\"https:\/\/oriontr.com\/v2\/wp-content\/uploads\/2022\/06\/denizyolu-tasimaciligi.jpg\" class=\"img-responsive\" alt=\"Image\">\n            \t\t<!-- Overlay -->\n            \t\t<div class=\"overlay-1 \">\n            \t\t\t<a href=\"https:\/\/oriontr.com\/v2\/portfolio\/denizyolu-tasimaciligi\/\">\n            \t\t\t\t<i class=\"fa fa-link hover-border-theme \"><\/i>\n            \t\t\t<\/a>\n            \t\t\t            \t\t\t\t<a class=\"single-img-popup\" href=\"https:\/\/oriontr.com\/v2\/wp-content\/uploads\/2022\/06\/denizyolu-tasimaciligi.jpg\"><i class=\"fa fa-expand hover-border-theme \"><\/i><\/a>\n            \t\t\t       \t\t \t\t<\/div>\n       \t\t \t\t<!-- \/overlay -->\n            \t<\/div>\n            \t<h4 class=\"hover-text-theme\"><a href=\"https:\/\/oriontr.com\/v2\/portfolio\/denizyolu-tasimaciligi\/\" >Denizyolu Ta\u015f\u0131mac\u0131l\u0131\u011f\u0131<\/a><\/h4>\n            \t            <\/div>\n        <\/div>\n    \t\t \t<div class=\"item\">\n            <div class=\"project-item\">\n            \t<div class=\"project-item-img-container\">\n            \t\t\n            \t\t<img src=\"https:\/\/oriontr.com\/v2\/wp-content\/uploads\/2019\/05\/warehouse.jpg\" class=\"img-responsive\" alt=\"Image\">\n            \t\t<!-- Overlay -->\n            \t\t<div class=\"overlay-1 \">\n            \t\t\t<a href=\"https:\/\/oriontr.com\/v2\/de\/portfolio\/warenhaus\/\">\n            \t\t\t\t<i class=\"fa fa-link hover-border-theme \"><\/i>\n            \t\t\t<\/a>\n            \t\t\t            \t\t\t\t<a class=\"single-img-popup\" href=\"https:\/\/oriontr.com\/v2\/wp-content\/uploads\/2019\/05\/warehouse.jpg\"><i class=\"fa fa-expand hover-border-theme \"><\/i><\/a>\n            \t\t\t       \t\t \t\t<\/div>\n       \t\t \t\t<!-- \/overlay -->\n            \t<\/div>\n            \t<h4 class=\"hover-text-theme\"><a href=\"https:\/\/oriontr.com\/v2\/de\/portfolio\/warenhaus\/\" >Warenhaus<\/a><\/h4>\n            \t            <\/div>\n        <\/div>\n    \t\t \t<div class=\"item\">\n            <div class=\"project-item\">\n            \t<div class=\"project-item-img-container\">\n            \t\t\n            \t\t<img src=\"https:\/\/oriontr.com\/v2\/wp-content\/uploads\/2019\/05\/warehouse.jpg\" class=\"img-responsive\" alt=\"Image\">\n            \t\t<!-- Overlay -->\n            \t\t<div class=\"overlay-1 \">\n            \t\t\t<a href=\"https:\/\/oriontr.com\/v2\/portfolio\/antrepo\/\">\n            \t\t\t\t<i class=\"fa fa-link hover-border-theme \"><\/i>\n            \t\t\t<\/a>\n            \t\t\t            \t\t\t\t<a class=\"single-img-popup\" href=\"https:\/\/oriontr.com\/v2\/wp-content\/uploads\/2019\/05\/warehouse.jpg\"><i class=\"fa fa-expand hover-border-theme \"><\/i><\/a>\n            \t\t\t       \t\t \t\t<\/div>\n       \t\t \t\t<!-- \/overlay -->\n            \t<\/div>\n            \t<h4 class=\"hover-text-theme\"><a href=\"https:\/\/oriontr.com\/v2\/portfolio\/antrepo\/\" >Antrepo<\/a><\/h4>\n            \t            <\/div>\n        <\/div>\n    \t\t \t<div class=\"item\">\n            <div class=\"project-item\">\n            \t<div class=\"project-item-img-container\">\n            \t\t\n            \t\t<img src=\"https:\/\/oriontr.com\/v2\/wp-content\/uploads\/2019\/05\/warehouse.jpg\" class=\"img-responsive\" alt=\"Image\">\n            \t\t<!-- Overlay -->\n            \t\t<div class=\"overlay-1 \">\n            \t\t\t<a href=\"https:\/\/oriontr.com\/v2\/en\/portfolio\/warehouse\/\">\n            \t\t\t\t<i class=\"fa fa-link hover-border-theme \"><\/i>\n            \t\t\t<\/a>\n            \t\t\t            \t\t\t\t<a class=\"single-img-popup\" href=\"https:\/\/oriontr.com\/v2\/wp-content\/uploads\/2019\/05\/warehouse.jpg\"><i class=\"fa fa-expand hover-border-theme \"><\/i><\/a>\n            \t\t\t       \t\t \t\t<\/div>\n       \t\t \t\t<!-- \/overlay -->\n            \t<\/div>\n            \t<h4 class=\"hover-text-theme\"><a href=\"https:\/\/oriontr.com\/v2\/en\/portfolio\/warehouse\/\" >Warehouse<\/a><\/h4>\n            \t            <\/div>\n        <\/div>\n    \t\t \t<div class=\"item\">\n            <div class=\"project-item\">\n            \t<div class=\"project-item-img-container\">\n            \t\t\n            \t\t<img src=\"https:\/\/oriontr.com\/v2\/wp-content\/uploads\/2019\/02\/orion-havayolu.jpg\" class=\"img-responsive\" alt=\"Image\">\n            \t\t<!-- Overlay -->\n            \t\t<div class=\"overlay-1 \">\n            \t\t\t<a href=\"https:\/\/oriontr.com\/v2\/de\/portfolio\/luftverkehr\/\">\n            \t\t\t\t<i class=\"fa fa-link hover-border-theme \"><\/i>\n            \t\t\t<\/a>\n            \t\t\t            \t\t\t\t<a class=\"single-img-popup\" href=\"https:\/\/oriontr.com\/v2\/wp-content\/uploads\/2019\/02\/orion-havayolu.jpg\"><i class=\"fa fa-expand hover-border-theme \"><\/i><\/a>\n            \t\t\t       \t\t \t\t<\/div>\n       \t\t \t\t<!-- \/overlay -->\n            \t<\/div>\n            \t<h4 class=\"hover-text-theme\"><a href=\"https:\/\/oriontr.com\/v2\/de\/portfolio\/luftverkehr\/\" >Luftverkehr<\/a><\/h4>\n            \t            <\/div>\n        <\/div>\n    \t\t \t<div class=\"item\">\n            <div class=\"project-item\">\n            \t<div class=\"project-item-img-container\">\n            \t\t\n            \t\t<img src=\"https:\/\/oriontr.com\/v2\/wp-content\/uploads\/2019\/02\/orion-havayolu.jpg\" class=\"img-responsive\" alt=\"Image\">\n            \t\t<!-- Overlay -->\n            \t\t<div class=\"overlay-1 \">\n            \t\t\t<a href=\"https:\/\/oriontr.com\/v2\/en\/portfolio\/airways-transporting\/\">\n            \t\t\t\t<i class=\"fa fa-link hover-border-theme \"><\/i>\n            \t\t\t<\/a>\n            \t\t\t            \t\t\t\t<a class=\"single-img-popup\" href=\"https:\/\/oriontr.com\/v2\/wp-content\/uploads\/2019\/02\/orion-havayolu.jpg\"><i class=\"fa fa-expand hover-border-theme \"><\/i><\/a>\n            \t\t\t       \t\t \t\t<\/div>\n       \t\t \t\t<!-- \/overlay -->\n            \t<\/div>\n            \t<h4 class=\"hover-text-theme\"><a href=\"https:\/\/oriontr.com\/v2\/en\/portfolio\/airways-transporting\/\" >Airways transporting<\/a><\/h4>\n            \t            <\/div>\n        <\/div>\n    \t\t \t<div class=\"item\">\n            <div class=\"project-item\">\n            \t<div class=\"project-item-img-container\">\n            \t\t\n            \t\t<img src=\"https:\/\/oriontr.com\/v2\/wp-content\/uploads\/2019\/02\/orion-ro-ro-tasimacilik.jpg\" class=\"img-responsive\" alt=\"Image\">\n            \t\t<!-- Overlay -->\n            \t\t<div class=\"overlay-1 \">\n            \t\t\t<a href=\"https:\/\/oriontr.com\/v2\/de\/portfolio\/ro-ro-transport\/\">\n            \t\t\t\t<i class=\"fa fa-link hover-border-theme \"><\/i>\n            \t\t\t<\/a>\n            \t\t\t            \t\t\t\t<a class=\"single-img-popup\" href=\"https:\/\/oriontr.com\/v2\/wp-content\/uploads\/2019\/02\/orion-ro-ro-tasimacilik.jpg\"><i class=\"fa fa-expand hover-border-theme \"><\/i><\/a>\n            \t\t\t       \t\t \t\t<\/div>\n       \t\t \t\t<!-- \/overlay -->\n            \t<\/div>\n            \t<h4 class=\"hover-text-theme\"><a href=\"https:\/\/oriontr.com\/v2\/de\/portfolio\/ro-ro-transport\/\" >Ro-Ro-Transport<\/a><\/h4>\n            \t            <\/div>\n        <\/div>\n    \t    <\/div>\n\n        <div class=\"customNavigation customNavigation-1 customNavigation-5\">\n        <a class=\"btn-1 prev-project hover-border-theme hover-text-theme\"><i class=\"fa fa-chevron-left\"><\/i><\/a>\n        <a class=\"btn-1 next-project hover-border-theme hover-text-theme\"><i class=\"fa fa-chevron-right\"><\/i><\/a>\n\t<\/div><!-- End owl button -->\n\t\n  \t<script>\n\t\t(function($) { \"use strict\";\n\t\t\t$(\"#owl-project\").owlCarousel({\n\t\t          autoPlay: false, \/\/Set AutoPlay to 3 seconds\n\t\t          items : 4,\n\t\t          itemsDesktop      : [1199,4 - 1],\n\t\t          itemsDesktopSmall     : [979,2],\n\t\t          itemsTablet       : [768,2],\n\t\t          itemsMobile       : [600,1],\n\t\t          pagination:false,\n\t\t          navigation:false,\n\t\t      });\n\t\t  var owlProject = $(\"#owl-project\");\n\t\t  \/\/ Custom Navigation Events\n\n\t\t  $(\"body\").on(\"click\",\".next-project\",function(event){\n\t\t    owlProject.trigger(\"owl.next\");\n\t\t  });\n\t\t  $(\"body\").on(\"click\",\".prev-project\",function(event){\n\t\t    owlProject.trigger(\"owl.prev\");\n\t\t  });\n\n\t\t})(jQuery); \n\t<\/script>\n\n[\/vc_column][\/vc_row][vc_row css=&#8221;.vc_custom_1549709305190{background: #f2f2f2 url(http:\/\/oriontr.com\/v2\/wp-content\/uploads\/2019\/02\/World-Map.jpg?id=1233) !important;}&#8221;][vc_column width=&#8221;2\/3&#8243;][vc_custom_heading text=&#8221;Ba\u015far\u0131l\u0131 Hizmet, Memnun M\u00fc\u015fteri&#8230;&#8221; font_container=&#8221;tag:h3|text_align:left&#8221; use_theme_fonts=&#8221;yes&#8221; css=&#8221;.vc_custom_1549961380370{margin-bottom: 30px !important;}&#8221;][vc_column_text css=&#8221;.vc_custom_1549967269395{margin-bottom: 30px !important;}&#8221;]<\/p>\n<div class=\"rich-text\">\n<h3>Her g\u00fcn milyonlarca ton kargo ta\u015f\u0131yoruz. U\u00e7suz bucaks\u0131z a\u011f\u0131m\u0131z 120&#8217;den fazla \u00fclkede 300&#8217;\u00fcn \u00fczerinde liman\u0131 kapsayarak, d\u00fcnyan\u0131n d\u00f6rt bir yan\u0131na h\u0131zl\u0131, g\u00fcvenilir ve d\u00fczenli ba\u011flant\u0131lar sunmaktay\u0131z.<\/h3>\n<\/div>\n<p>[\/vc_column_text][vc_row_inner][vc_column_inner offset=&#8221;vc_col-lg-5 vc_col-md-12&#8243;][vc_single_image image=&#8221;1236&#8243; img_size=&#8221;full&#8221; alignment=&#8221;center&#8221; css=&#8221;.vc_custom_1549706988942{margin-bottom: 20px !important;}&#8221;][\/vc_column_inner][vc_column_inner offset=&#8221;vc_col-lg-7 vc_col-md-12&#8243;][vc_column_text css=&#8221;.vc_custom_1557386793627{margin-bottom: 20px !important;}&#8221;]<\/p>\n<ul class=\"feature features2\">\n<li><i class=\"fa fa-check-circle color-theme\"><\/i> Afrika&#8217;ya Nakliye<\/li>\n<li><i class=\"fa fa-check-circle color-theme\"><\/i> Asya&#8217;ya Nakliye<\/li>\n<li><i class=\"fa fa-check-circle color-theme\"><\/i> Avrupa&#8217;ya Nakliye<\/li>\n<li><i class=\"fa fa-check-circle color-theme\"><\/i> Amerika&#8217;ya Nakliye<\/li>\n<li><i class=\"fa fa-check-circle color-theme\"><\/i> Antartika&#8217;ya Nakliye<\/li>\n<li><i class=\"fa fa-check-circle color-theme\"><\/i> Uzakdo\u011fu&#8217;ya Nakliye<\/li>\n<\/ul>\n<p>[\/vc_column_text][\/vc_column_inner][\/vc_row_inner][\/vc_column][vc_column width=&#8221;1\/3&#8243;][vc_tta_accordion shape=&#8221;square&#8221; c_icon=&#8221;&#8221; active_section=&#8221;1&#8243; collapsible_all=&#8221;true&#8221;][vc_tta_section title=&#8221;Denizyolu Ta\u015f\u0131mac\u0131l\u0131\u011f\u0131&#8221; tab_id=&#8221;1654162395331-65b9ed50-cd4c&#8221;][vc_column_text]T\u00fcrkiye \u2018nin en geni\u015f ve g\u00fc\u00e7l\u00fc acente a\u011f\u0131 ile T\u00fcrkiye ve di\u011fer d\u00fcnya limanlar\u0131na \/ limanlar\u0131ndan haftal\u0131k d\u00fczenli \u00e7\u0131k\u0131\u015flarla konteyner ta\u015f\u0131mac\u0131l\u0131\u011f\u0131 ve forwarding hizmetleri sunuyoruz. FCL ve LCL \u2018deki y\u0131llara dayanan tecr\u00fcbemizle siz m\u00fc\u015fterilerimiz i\u00e7in en h\u0131zl\u0131, kaliteli ve ekonomik ta\u015f\u0131ma modelini olu\u015fturuyoruz.[\/vc_column_text][\/vc_tta_section][vc_tta_section title=&#8221;Karayolu Ta\u015f\u0131mac\u0131l\u0131\u011f\u0131&#8221; tab_id=&#8221;1476169791561-24254dc4-0e3f793c-93b6&#8243;][vc_column_text]Son model, \u00e7evre dostu, ask\u0131l\u0131 y\u00fcklere g\u00f6re tasarlanm\u0131\u015f, kapal\u0131 kasa, GPS donan\u0131ml\u0131 ara\u00e7lardan olu\u015fan filomuzla t\u00fcm Avrupa, Ortado\u011fu, T\u00fcrk Cumhuriyetlerine y\u00f6nelik kara yolu ta\u015f\u0131mac\u0131l\u0131\u011f\u0131 ihitya\u00e7lar\u0131n\u0131za d\u00fczenli seferler ve JIT teslim garantisiyle en h\u0131zl\u0131, kaliteli ve ekonomik \u00e7\u00f6z\u00fcmler.[\/vc_column_text][\/vc_tta_section][vc_tta_section title=&#8221;Havayolu Ta\u015f\u0131mac\u0131l\u0131\u011f\u0131&#8221; tab_id=&#8221;1476169791606-a9adbbb5-53e3793c-93b6&#8243;][vc_column_text]Minimum kargodan charter u\u00e7ak y\u00fcklemelerinize kadar t\u00fcm hava yolu ta\u015f\u0131mac\u0131l\u0131\u011f\u0131 ihtiya\u00e7lar\u0131n\u0131za yer garantisi ve ekonomik navlunlar sa\u011flayarak size \u00f6zel butik hizmet.[\/vc_column_text][\/vc_tta_section][vc_tta_section title=&#8221;Demiryolu Ta\u015f\u0131mac\u0131l\u0131\u011f\u0131&#8221; tab_id=&#8221;1476171642647-40d1f953-b0cf793c-93b6&#8243;][vc_column_text]TAB kriterlerine uygun olarak ger\u00e7ekle\u015ftirdi\u011fimiz ve halen ger\u00e7ekle\u015ftirmekte oldu\u011fumuz demiryolu yat\u0131r\u0131mlar\u0131m\u0131z ile hem ekonomik hemde \u00e7evreyle dost olanaklar.[\/vc_column_text][\/vc_tta_section][vc_tta_section title=&#8221;Konteyner Ta\u015f\u0131mac\u0131l\u0131\u011f\u0131&#8221; tab_id=&#8221;1557386176182-b070def3-dcb6&#8243;][vc_column_text]T\u00fcrkiye \u2018nin en geni\u015f ve g\u00fc\u00e7l\u00fc acente a\u011f\u0131 ile T\u00fcrkiye ve di\u011fer d\u00fcnya limanlar\u0131na \/ limanlar\u0131ndan haftal\u0131k d\u00fczenli \u00e7\u0131k\u0131\u015flarla konteyner ta\u015f\u0131mac\u0131l\u0131\u011f\u0131 ve forwarding hizmetleri sunuyoruz.[\/vc_column_text][\/vc_tta_section][\/vc_tta_accordion][\/vc_column][\/vc_row][vc_row el_class=&#8221;bg-theme&#8221; css=&#8221;.vc_custom_1476417970777{padding-top: 45px !important;padding-bottom: 45px !important;}&#8221;][vc_column offset=&#8221;vc_col-md-3&#8243;][vc_custom_heading text=&#8221;B\u00fcltenimize Kay\u0131t Olun&#8221; font_container=&#8221;tag:h4|text_align:left|color:%23ffffff&#8221; use_theme_fonts=&#8221;yes&#8221; css=&#8221;.vc_custom_1549709483611{margin-bottom: 5px !important;}&#8221;][vc_column_text css=&#8221;.vc_custom_1549709766789{margin-bottom: 10px !important;}&#8221;]<span class=\"tlid-translation translation\" style=\"color: #ffffff;\"><span class=\"\" title=\"\">haberlerimizden ve etkinliklerimizden haberdar olun<\/span><\/span>[\/vc_column_text][\/vc_column][vc_column offset=&#8221;vc_col-md-9&#8243;]<noscript class=\"ninja-forms-noscript-message\">\n    Bildirim: Bu i\u00e7erik i\u00e7in bir JavaScript gereklidir.<\/noscript><div id=\"nf-form-10-cont\" class=\"nf-form-cont\" aria-live=\"polite\" aria-labelledby=\"nf-form-title-10\" aria-describedby=\"nf-form-errors-10\" role=\"form\">\n\n    <div class=\"nf-loading-spinner\"><\/div>\n\n<\/div>\n        <!-- TODO: Move to Template File. -->\n        <script>var formDisplay=1;var nfForms=nfForms||[];var form=[];form.id='10';form.settings={\"objectType\":\"Form Setting\",\"editActive\":true,\"title\":\"B\\u00fclten\",\"show_title\":0,\"clear_complete\":1,\"hide_complete\":1,\"default_label_pos\":\"above\",\"wrapper_class\":\"\",\"element_class\":\"\",\"key\":\"\",\"add_submit\":0,\"changeEmailErrorMsg\":\"L\\u00fctfen ge\\u00e7erli bir e-posta adresi girin!\",\"changeDateErrorMsg\":\"Please enter a valid date!\",\"confirmFieldErrorMsg\":\"Bu alanlar e\\u015fle\\u015fmelidir!\",\"fieldNumberNumMinError\":\"Minimum Say\\u0131 Hatas\\u0131\",\"fieldNumberNumMaxError\":\"Maksimum Say\\u0131 Hatas\\u0131\",\"fieldNumberIncrementBy\":\"L\\u00fctfen \\u015funa g\\u00f6re art\\u0131r\\u0131n: \",\"formErrorsCorrectErrors\":\"L\\u00fctfen bu formu g\\u00f6ndermeden \\u00f6nce hatalar\\u0131 d\\u00fczeltin.\",\"validateRequiredField\":\"Bu zorunlu bir aland\\u0131r.\",\"honeypotHoneypotError\":\"Honeypot Hatas\\u0131\",\"fieldsMarkedRequired\":\"<span class=\\\"ninja-forms-req-symbol\\\">*<\\\/span> i\\u015fareti olan alanlar zorunludur\",\"currency\":\"\",\"unique_field_error\":\"A form with this value has already been submitted.\",\"logged_in\":false,\"not_logged_in_msg\":\"\",\"sub_limit_msg\":\"The form has reached its submission limit.\",\"calculations\":[],\"formContentData\":[\"email_1553172411770\",\"add_1559128628680\"],\"drawerDisabled\":false,\"ninjaForms\":\"Ninja Forms\",\"fieldTextareaRTEInsertLink\":\"Ba\\u011flant\\u0131 Yerle\\u015ftir\",\"fieldTextareaRTEInsertMedia\":\"Medya Yerle\\u015ftir\",\"fieldTextareaRTESelectAFile\":\"Dosya se\\u00e7in\",\"formHoneypot\":\"Bir insan olarak bu alan\\u0131 g\\u00f6rebiliyorsan\\u0131z, l\\u00fctfen bo\\u015f b\\u0131rak\\u0131n.\",\"fileUploadOldCodeFileUploadInProgress\":\"Dosya Y\\u00fckleme \\u0130\\u015flemi Devam Ediyor.\",\"fileUploadOldCodeFileUpload\":\"DOSYA Y\\u00dcKLEME\",\"currencySymbol\":\"&#36;\",\"thousands_sep\":\".\",\"decimal_point\":\",\",\"siteLocale\":\"tr_TR\",\"dateFormat\":\"d\\\/m\\\/Y\",\"startOfWeek\":\"1\",\"of\":\"\\\/\",\"previousMonth\":\"Previous Month\",\"nextMonth\":\"Next Month\",\"months\":[\"January\",\"February\",\"March\",\"April\",\"May\",\"June\",\"July\",\"August\",\"September\",\"October\",\"November\",\"December\"],\"monthsShort\":[\"Jan\",\"Feb\",\"Mar\",\"Apr\",\"May\",\"Jun\",\"Jul\",\"Aug\",\"Sep\",\"Oct\",\"Nov\",\"Dec\"],\"weekdays\":[\"Sunday\",\"Monday\",\"Tuesday\",\"Wednesday\",\"Thursday\",\"Friday\",\"Saturday\"],\"weekdaysShort\":[\"Sun\",\"Mon\",\"Tue\",\"Wed\",\"Thu\",\"Fri\",\"Sat\"],\"weekdaysMin\":[\"Su\",\"Mo\",\"Tu\",\"We\",\"Th\",\"Fr\",\"Sa\"],\"recaptchaConsentMissing\":\"reCapctha validation couldn&#039;t load.\",\"recaptchaMissingCookie\":\"reCaptcha v3 validation couldn&#039;t load the cookie needed to submit the form.\",\"recaptchaConsentEvent\":\"Accept reCaptcha cookies before sending the form.\",\"embed_form\":\"\",\"currency_symbol\":\"\",\"beforeForm\":\"\",\"beforeFields\":\"\",\"afterFields\":\"\",\"afterForm\":\"\"};form.fields=[{\"objectType\":\"Field\",\"objectDomain\":\"fields\",\"editActive\":false,\"order\":1,\"label\":\"E-Posta\",\"type\":\"email\",\"key\":\"email_1553172411770\",\"label_pos\":\"hidden\",\"required\":false,\"default\":\"\",\"placeholder\":\"E-Mail\",\"container_class\":\"one-half first\",\"element_class\":\"\",\"admin_label\":\"\",\"help_text\":\"<p><br><\\\/p>\",\"desc_text\":\"<p><br><\\\/p>\",\"custom_name_attribute\":\"email\",\"personally_identifiable\":1,\"drawerDisabled\":false,\"id\":116,\"beforeField\":\"\",\"afterField\":\"\",\"value\":\"\",\"parentType\":\"email\",\"element_templates\":[\"email\",\"input\"],\"old_classname\":\"\",\"wrap_template\":\"wrap\"},{\"objectType\":\"Field\",\"objectDomain\":\"fields\",\"editActive\":false,\"order\":2,\"label\":\"Add\",\"type\":\"submit\",\"processing_label\":\"\\u0130\\u015fleniyor\",\"container_class\":\"one-half second\",\"element_class\":\"\",\"key\":\"add_1559128628680\",\"drawerDisabled\":false,\"id\":117,\"beforeField\":\"\",\"afterField\":\"\",\"value\":\"\",\"label_pos\":\"above\",\"parentType\":\"textbox\",\"element_templates\":[\"submit\",\"button\",\"input\"],\"old_classname\":\"\",\"wrap_template\":\"wrap-no-label\"}];nfForms.push(form);<\/script>\n        [\/vc_column][\/vc_row]<\/p>\n","protected":false},"excerpt":{"rendered":"<p>[vc_row fullwidth=&#8221;yes&#8221; css=&#8221;.vc_custom_1477472402630{padding-top: 0px !important;padding-bottom: 0px !important;}&#8221;][vc_column][\/vc_column][\/vc_row][vc_row full_width=&#8221;&#8221; css=&#8221;.vc_custom_1559126646115{margin-top: -20px !important;margin-bottom: -25px !important;padding-top: 0px !important;padding-bottom: 0px !important;background-color: #444444 !important;}&#8221;][vc_column][\/vc_column][\/vc_row][vc_row css=&#8221;.vc_custom_1476690252859{background-color: #f2f2f2 !important;}&#8221;][vc_column][vc_custom_heading text=&#8221;Hizmetlerimiz&#8221; font_container=&#8221;tag:h3|text_align:center&#8221; use_theme_fonts=&#8221;yes&#8221; css=&#8221;.vc_custom_1549709592861{margin-bottom: 30px !important;}&#8221;][\/vc_column][\/vc_row][vc_row css=&#8221;.vc_custom_1549709305190{background: #f2f2f2 url(http:\/\/oriontr.com\/v2\/wp-content\/uploads\/2019\/02\/World-Map.jpg?id=1233) !important;}&#8221;][vc_column width=&#8221;2\/3&#8243;][vc_custom_heading text=&#8221;Ba\u015far\u0131l\u0131 Hizmet, Memnun M\u00fc\u015fteri&#8230;&#8221; font_container=&#8221;tag:h3|text_align:left&#8221; use_theme_fonts=&#8221;yes&#8221; css=&#8221;.vc_custom_1549961380370{margin-bottom: 30px !important;}&#8221;][vc_column_text css=&#8221;.vc_custom_1549967269395{margin-bottom: 30px !important;}&#8221;] Her g\u00fcn milyonlarca ton kargo ta\u015f\u0131yoruz. U\u00e7suz bucaks\u0131z a\u011f\u0131m\u0131z 120&#8217;den [&hellip;]<\/p>\n","protected":false},"author":1,"featured_media":0,"parent":0,"menu_order":0,"comment_status":"closed","ping_status":"closed","template":"page-templates\/template-canvas.php","meta":[],"_links":{"self":[{"href":"https:\/\/oriontr.com\/v2\/wp-json\/wp\/v2\/pages\/607"}],"collection":[{"href":"https:\/\/oriontr.com\/v2\/wp-json\/wp\/v2\/pages"}],"about":[{"href":"https:\/\/oriontr.com\/v2\/wp-json\/wp\/v2\/types\/page"}],"author":[{"embeddable":true,"href":"https:\/\/oriontr.com\/v2\/wp-json\/wp\/v2\/users\/1"}],"replies":[{"embeddable":true,"href":"https:\/\/oriontr.com\/v2\/wp-json\/wp\/v2\/comments?post=607"}],"version-history":[{"count":60,"href":"https:\/\/oriontr.com\/v2\/wp-json\/wp\/v2\/pages\/607\/revisions"}],"predecessor-version":[{"id":2519,"href":"https:\/\/oriontr.com\/v2\/wp-json\/wp\/v2\/pages\/607\/revisions\/2519"}],"wp:attachment":[{"href":"https:\/\/oriontr.com\/v2\/wp-json\/wp\/v2\/media?parent=607"}],"curies":[{"name":"wp","href":"https:\/\/api.w.org\/{rel}","templated":true}]}}